{"id":4073,"date":"2020-07-18T19:44:30","date_gmt":"2020-07-18T17:44:30","guid":{"rendered":"http:\/\/www.blog.giuseppelupo.eu\/?page_id=4073"},"modified":"2020-08-16T11:14:28","modified_gmt":"2020-08-16T09:14:28","slug":"2020-2","status":"publish","type":"page","link":"https:\/\/www.blog.giuseppelupo.eu\/?page_id=4073","title":{"rendered":"2020 Juni Ostdeutschland"},"content":{"rendered":"\n<div class=\"wp-block-image is-style-default\"><figure class=\"alignleft size-large\"><a href=\"http:\/\/www.giuseppelupo.eu\/webalbums\/2020_06_EastGermany\/01_Sachsen\/index.html\"><img loading=\"lazy\" decoding=\"async\" width=\"113\" height=\"85\" src=\"https:\/\/www.blog.giuseppelupo.eu\/wp-content\/uploads\/2020\/07\/IMG_7913.jpg\" alt=\"\" class=\"wp-image-4118\"\/><\/a><figcaption><a rel=\"noreferrer noopener\" href=\"http:\/\/www.giuseppelupo.eu\/webalbums\/2020_06_EastGermany\/01_Sachsen\/index.html\" target=\"_blank\">S\u00e4chsische Schweiz<\/a><\/figcaption><\/figure><\/div>\n\n\n\n<div class=\"wp-block-image\"><figure class=\"alignleft size-large is-resized\"><a href=\"http:\/\/www.giuseppelupo.eu\/webalbums\/2020_06_EastGermany\/02_DresdenLLeipzig\/index.html\"><img loading=\"lazy\" decoding=\"async\" src=\"https:\/\/www.blog.giuseppelupo.eu\/wp-content\/uploads\/2020\/07\/EastGermany2020-91.jpg\" alt=\"\" class=\"wp-image-4119\" width=\"127\" height=\"85\"\/><\/a><figcaption><a rel=\"noreferrer noopener\" href=\"http:\/\/www.giuseppelupo.eu\/webalbums\/2020_06_EastGermany\/02_DresdenLLeipzig\/index.html\" target=\"_blank\">Dresden &#8211; Leipzig &#8211; Magdeburg<\/a><\/figcaption><\/figure><\/div>\n\n\n\n<div class=\"wp-block-image\"><figure class=\"alignleft size-large\"><a href=\"http:\/\/www.giuseppelupo.eu\/webalbums\/2020_06_EastGermany\/03_MeckPomm\/index.html\"><img loading=\"lazy\" decoding=\"async\" width=\"128\" height=\"85\" src=\"https:\/\/www.blog.giuseppelupo.eu\/wp-content\/uploads\/2020\/07\/EastGermany2020-146.jpg\" alt=\"\" class=\"wp-image-4120\"\/><\/a><figcaption><a rel=\"noreferrer noopener\" href=\"http:\/\/www.giuseppelupo.eu\/webalbums\/2020_06_EastGermany\/03_MeckPomm\/index.html\" target=\"_blank\">Schwerin &#8211; Wismar- Rostock &#8211; Ostsee &#8211; R\u00fcgen &#8211;&nbsp;Stralsund &#8211; Waren a.d. M\u00fcritz<\/a><\/figcaption><\/figure><\/div>\n\n\n\n<div class=\"wp-block-image\"><figure class=\"alignleft size-large\"><a href=\"http:\/\/www.giuseppelupo.eu\/webalbums\/2020_06_EastGermany\/04_Berlin\/index.html\"><img loading=\"lazy\" decoding=\"async\" width=\"128\" height=\"85\" src=\"https:\/\/www.blog.giuseppelupo.eu\/wp-content\/uploads\/2020\/07\/EastGermany2020-394.jpg\" alt=\"\" class=\"wp-image-4122\"\/><\/a><figcaption><a rel=\"noreferrer noopener\" href=\"http:\/\/www.giuseppelupo.eu\/webalbums\/2020_06_EastGermany\/04_Berlin\/index.html\" target=\"_blank\">Berlin<\/a><\/figcaption><\/figure><\/div>\n\n\n\n<div class=\"wp-block-image\"><figure class=\"alignleft size-large\"><a href=\"http:\/\/www.giuseppelupo.eu\/webalbums\/2020_06_EastGermany\/05_Sanssouci\/index.html\"><img loading=\"lazy\" decoding=\"async\" width=\"128\" height=\"85\" src=\"https:\/\/www.blog.giuseppelupo.eu\/wp-content\/uploads\/2020\/07\/EastGermany2020-636.jpg\" alt=\"\" class=\"wp-image-4123\"\/><\/a><figcaption><a rel=\"noreferrer noopener\" href=\"http:\/\/www.giuseppelupo.eu\/webalbums\/2020_06_EastGermany\/05_Sanssouci\/index.html\" target=\"_blank\">Potsdam&nbsp;<\/a><\/figcaption><\/figure><\/div>\n\n\n\n<figure class=\"wp-block-image size-large\"><img loading=\"lazy\" decoding=\"async\" width=\"500\" height=\"753\" src=\"https:\/\/www.blog.giuseppelupo.eu\/wp-content\/uploads\/2020\/07\/stepmap-1.png\" alt=\"\" class=\"wp-image-4115\" srcset=\"https:\/\/www.blog.giuseppelupo.eu\/wp-content\/uploads\/2020\/07\/stepmap-1.png 500w, https:\/\/www.blog.giuseppelupo.eu\/wp-content\/uploads\/2020\/07\/stepmap-1-299x450.png 299w, https:\/\/www.blog.giuseppelupo.eu\/wp-content\/uploads\/2020\/07\/stepmap-1-100x150.png 100w, https:\/\/www.blog.giuseppelupo.eu\/wp-content\/uploads\/2020\/07\/stepmap-1-400x602.png 400w\" sizes=\"auto, (max-width: 500px) 100vw, 500px\" \/><\/figure>\n<h3 class='related_post_title'>Related Posts:<\/h3><ul class='related_post'><li>No Related Posts<\/li><\/ul>","protected":false},"excerpt":{"rendered":"<p> S\u00e4chsische Schweiz Dresden &#8211; Leipzig &#8211; Magdeburg Schwerin &#8211; Wismar- Rostock &#8211; Ostsee &#8211; R\u00fcgen &#8211;&nbsp;Stralsund &#8211; Waren a.d. M\u00fcritz Berlin Potsdam&nbsp; Related Posts:No Related [&#8230;]<\/p>\n","protected":false},"author":1,"featured_media":0,"parent":4008,"menu_order":200,"comment_status":"closed","ping_status":"closed","template":"","meta":{"ngg_post_thumbnail":0,"footnotes":"","_links_to":"","_links_to_target":""},"class_list":["post-4073","page","type-page","status-publish","hentry","odd"],"_links":{"self":[{"href":"https:\/\/www.blog.giuseppelupo.eu\/index.php?rest_route=\/wp\/v2\/pages\/4073","targetHints":{"allow":["GET"]}}],"collection":[{"href":"https:\/\/www.blog.giuseppelupo.eu\/index.php?rest_route=\/wp\/v2\/pages"}],"about":[{"href":"https:\/\/www.blog.giuseppelupo.eu\/index.php?rest_route=\/wp\/v2\/types\/page"}],"author":[{"embeddable":true,"href":"https:\/\/www.blog.giuseppelupo.eu\/index.php?rest_route=\/wp\/v2\/users\/1"}],"replies":[{"embeddable":true,"href":"https:\/\/www.blog.giuseppelupo.eu\/index.php?rest_route=%2Fwp%2Fv2%2Fcomments&post=4073"}],"version-history":[{"count":35,"href":"https:\/\/www.blog.giuseppelupo.eu\/index.php?rest_route=\/wp\/v2\/pages\/4073\/revisions"}],"predecessor-version":[{"id":4166,"href":"https:\/\/www.blog.giuseppelupo.eu\/index.php?rest_route=\/wp\/v2\/pages\/4073\/revisions\/4166"}],"up":[{"embeddable":true,"href":"https:\/\/www.blog.giuseppelupo.eu\/index.php?rest_route=\/wp\/v2\/pages\/4008"}],"wp:attachment":[{"href":"https:\/\/www.blog.giuseppelupo.eu\/index.php?rest_route=%2Fwp%2Fv2%2Fmedia&parent=4073"}],"curies":[{"name":"wp","href":"https:\/\/api.w.org\/{rel}","templated":true}]}}